{"id":2902,"date":"2023-07-03T17:41:26","date_gmt":"2023-07-03T15:41:26","guid":{"rendered":"https:\/\/psicologiamuntaner.com\/politica-de-privadesa\/"},"modified":"2023-07-13T18:21:40","modified_gmt":"2023-07-13T16:21:40","slug":"politica-de-privadesa","status":"publish","type":"page","link":"https:\/\/psicologiamuntaner.com\/ca\/politica-de-privadesa\/","title":{"rendered":"Pol\u00edtica de privadesa"},"content":{"rendered":"<section data-bb-version=\"4.5.9\" id=\"bt_bb_section69e921c4b06c4\" class=\"bt_bb_section bt_bb_color_scheme_1 bt_bb_layout_boxed_1200 bt_bb_vertical_align_top bt_bb_bottom_section_coverage_image bt_bb_section_with_bottom_coverage_image bt_bb_top_spacing_large bt_bb_bottom_spacing_large bt_bb_negative_margin_\" style=\"; --section-primary-color:#ffffff; --section-secondary-color:#2b2c2e;\" data-bt-override-class=\"{&quot;bt_bb_top_spacing_&quot;:{&quot;current_class&quot;:&quot;bt_bb_top_spacing_large&quot;,&quot;xxl&quot;:&quot;large&quot;},&quot;bt_bb_bottom_spacing_&quot;:{&quot;current_class&quot;:&quot;bt_bb_bottom_spacing_large&quot;,&quot;xxl&quot;:&quot;large&quot;},&quot;bt_bb_negative_margin_&quot;:{&quot;current_class&quot;:&quot;bt_bb_negative_margin_&quot;,&quot;xxl&quot;:&quot;&quot;}}\"><div class=\"bt_bb_background_image_holder_wrapper\"><div class=\"bt_bb_background_image_holder btLazyLoadBackground bt_bb_parallax\"  data-background_image_src=\"https:\/\/psicologiamuntaner.com\/wp-content\/uploads\/2023\/07\/fondo_home_centro_psicologia_barcelona-1.png\" data-parallax=\"0.6\" data-parallax-offset=\"0\" data-parallax-zoom-start=\"1\" data-parallax-zoom-end=\"1\" data-parallax-blur-start=\"0\" data-parallax-blur-end=\"0\" data-parallax-opacity-start=\"1\" data-parallax-opacity-end=\"1\" style=\" background-image: url(&#039;https:\/\/psicologiamuntaner.com\/wp-content\/plugins\/bold-page-builder\/img\/blank.gif&#039;);\"><\/div><\/div><div class=\"bt_bb_port\"><div class=\"bt_bb_cell\"><div class=\"bt_bb_cell_inner\"><div class=\"bt_bb_row_wrapper bt_bb_row_push_right bt_bb_content_wide bt_bb_row_width_boxed_1200\"><div  class=\"bt_bb_row bt_bb_column_gap_0\"  data-bt-override-class=\"{}\"><div data-bb-version=\"4.5.9\"  class=\"bt_bb_column col-xxl-12 col-xl-12 col-xs-12 col-sm-12 col-md-12 col-lg-12 bt_bb_vertical_align_top bt_bb_align_left bt_bb_padding_none\"  data-width=\"12\" data-bt-override-class=\"{&quot;bt_bb_align_&quot;:{&quot;current_class&quot;:&quot;bt_bb_align_left&quot;,&quot;xxl&quot;:&quot;left&quot;,&quot;md&quot;:&quot;center&quot;,&quot;sm&quot;:&quot;center&quot;,&quot;xs&quot;:&quot;center&quot;},&quot;bt_bb_padding_&quot;:{&quot;current_class&quot;:&quot;bt_bb_padding_none&quot;,&quot;xxl&quot;:&quot;none&quot;}}\"><div class=\"bt_bb_column_content\"><div class=\"bt_bb_column_content_inner\"><div data-bb-version=\"4.5.9\"  class=\"bt_bb_text\" ><\/p>\n<h1 class=\"title wp-block-heading\">Pol\u00edtica de Privadesa<\/h1>\n<div class=\"elementor elementor-3\" data-elementor-type=\"wp-page\" data-elementor-id=\"3\">\n<div class=\"elementor elementor-3\" data-elementor-type=\"wp-page\" data-elementor-id=\"3\">\n<section class=\"elementor-section elementor-top-section elementor-element elementor-element-3bcae3b5 elementor-section-boxed elementor-section-height-default elementor-section-height-default\" data-id=\"3bcae3b5\" data-element_type=\"section\">\n<div class=\"elementor-container elementor-column-gap-default\">\n<div class=\"elementor-column elementor-col-100 elementor-top-column elementor-element elementor-element-5fd2b88b\" data-id=\"5fd2b88b\" data-element_type=\"column\">\n<div class=\"elementor-widget-wrap elementor-element-populated\">\n<div class=\"elementor-element elementor-element-7a5fb693 elementor-widget elementor-widget-text-editor\" data-id=\"7a5fb693\" data-element_type=\"widget\" data-widget_type=\"text-editor.default\">\n<div class=\"elementor-widget-container\">\n<p>Andrea N\u00fa\u00f1ez Espelt (Centre de Psicologia Muntaner), en aplicaci\u00f3 de la normativa vigent en mat\u00e8ria de protecci\u00f3 de dades de car\u00e0cter personal, informa que les dades personals que es recullen a trav\u00e9s dels formularis del Lloc web: www.psicolog\u00edamuntaner.com, es inclouen als fitxers automatitzats espec\u00edfics d&#8217;usuaris dels serveis de Centre de Psicologia Muntaner.<\/p>\n<p>La recollida i el tractament automatitzat de les dades de car\u00e0cter personal t\u00e9 com a finalitat el manteniment de la relaci\u00f3 comercial i l&#8217;exercici de tasques d&#8217;informaci\u00f3, formaci\u00f3, assessorament i altres activitats pr\u00f2pies de Centre de Psicologia Muntaner.<\/p>\n<p>Aquestes dades nom\u00e9s seran cedides a aquelles entitats que siguin necess\u00e0ries amb l&#8217;\u00fanic objectiu de donar compliment a la finalitat exposada anteriorment.<\/p>\n<p>Centre de Psicologia Muntaner, adopta les mesures necess\u00e0ries per garantir la seguretat, integritat i confidencialitat de les dades conforme al que disposa el Reglament (UE) 2016\/679 del Parlament Europeu i del Consell, de 27 d&#8217;abril de 2016, relatiu a la protecci\u00f3 de les persones f\u00edsiques pel que fa al tractament de dades personals ia la lliure circulaci\u00f3 d&#8217;aquestes, i derogant l&#8217;antiga LOPD, la nova Llei Org\u00e0nica 3\/2018, del 5 desembre, de Protecci\u00f3 de Dades i Garantia dels Drets Digitals (LOPDGDD).<\/p>\n<p>L&#8217;usuari podr\u00e0 en qualsevol moment exercitar els drets d&#8217;acc\u00e9s, oposici\u00f3, rectificaci\u00f3, cancel\u00b7laci\u00f3, limitaci\u00f3 i portabilitat reconeguts a l&#8217;esmentat Reglament (UE). L&#8217;exercici d&#8217;aquests drets el pot fer el propi usuari a trav\u00e9s de correu electr\u00f2nic a: info@psicologiamuntaner.com oa l&#8217;adre\u00e7a: C\/ Muntaner, 46, C.P. 08011 \u2013 Barcelona (Barcelona).<\/p>\n<p>L&#8217;usuari manifesta que totes les dades facilitades per ell s\u00f3n certes i correctes, i es compromet a mantenir-les actualitzades, comunicant els canvis a Centre de Psicologia Muntaner.<\/p>\n<p><strong>Finalitat del tractament de les dades personals<\/strong><\/p>\n<p><strong>Amb quina finalitat tractarem les teves dades personals?<\/strong><\/p>\n<p>Al Centre de Psicologia Muntaner, tractarem les teves dades personals demanades a trav\u00e9s del Lloc Web: www.psicologiamuntaner.com, amb les finalitats seg\u00fcents:<\/p>\n<ul>\n<li>Enviament d&#8217;informaci\u00f3 comercial i butlletins sobre nous serveis oferts a la web i del sector.<\/li>\n<li>El proc\u00e9s darxiu, dactualitzaci\u00f3 dels sistemes, de protecci\u00f3 i cust\u00f2dia dinformaci\u00f3 i bases de dades de lempresa.<\/li>\n<li>Enviar informaci\u00f3 promocional via electr\u00f2nica.<\/li>\n<li>Facilitar la informaci\u00f3 sol\u00b7licitada per lusuari a trav\u00e9s del formulari de contacte.<\/li>\n<\/ul>\n<p>Et recordem que et pots oposar a l&#8217;enviament de comunicacions comercials per qualsevol via i en qualsevol moment, remetent un correu electr\u00f2nic a l&#8217;adre\u00e7a anteriorment indicada.<\/p>\n<p>Els camps d&#8217;aquests registres s\u00f3n d&#8217;emplenament obligatori, i \u00e9s impossible fer les finalitats expressades si no s&#8217;aporten aquestes dades.<\/p>\n<p>Per quant de temps es conserven les dades personals recollides?<\/p>\n<p>Les dades personals proporcionades es conservaran mentre es mantingui la relaci\u00f3 comercial o no en sol\u00b7liciti la supressi\u00f3 i durant el termini pel qual es puguin derivar responsabilitats legals pels serveis prestats.<\/p>\n<p><strong>Legitimaci\u00f3:<\/strong><\/p>\n<p>El tractament de les teves dades es realitza amb les bases jur\u00eddiques seg\u00fcents que legitimen el mateix:<\/p>\n<ul>\n<li>La sol\u00b7licitud d&#8217;informaci\u00f3 i\/o la contractaci\u00f3 dels serveis de Centre de Psicologia Muntaner., els termes i condicions dels quals es posaran a la teva disposici\u00f3 en tot cas, de forma pr\u00e8via a una eventual contractaci\u00f3.<\/li>\n<li>El consentiment lliure, espec\u00edfic, informat i inequ\u00edvoc, en tant que t&#8217;informem posant a la teva disposici\u00f3 aquesta pol\u00edtica de privadesa, que despr\u00e9s de la lectura de la mateixa, en cas d&#8217;estar conforme, pots acceptar mitjan\u00e7ant una declaraci\u00f3 o una clara acci\u00f3 afirmativa, com el marcatge d&#8217;una casella disposada a aquest efecte.<\/li>\n<\/ul>\n<p>En cas que no ens facilitis les teves dades o ho facis de forma err\u00f2nia o incompleta, no podrem atendre la teva sol\u00b7licitud, resultant del tot impossible proporcionar-te la informaci\u00f3 sol\u00b7licitada o dur a terme la contractaci\u00f3 dels serveis.<\/p>\n<p><strong>Destinataris:<\/strong><\/p>\n<p>Les dades no es comunicaran a cap tercer ali\u00e8 a Centre de Psicologia Muntaner, excepte obligaci\u00f3 legal.<\/p>\n<p><strong>Dades recopilades per usuaris dels serveis<\/strong><\/p>\n<p>En els casos en qu\u00e8 l&#8217;usuari inclogui fitxers amb dades de car\u00e0cter personal als servidors d&#8217;allotjament compartit, Centre de Psicologia Muntaner no es fa responsable de l&#8217;incompliment per part de l&#8217;usuari de l&#8217;RGPD.<\/p>\n<p><strong>Drets propietat intel\u00b7lectual www.psicologiamuntaner.com<\/strong><\/p>\n<p>Andrea N\u00fa\u00f1ez Espelt (Centre de Psicologia Muntaner) \u00e9s titular de tots els drets d&#8217;autor, propietat intel\u00b7lectual, industrial, know how i tots els altres drets tenen relaci\u00f3 amb els continguts del lloc web www.psicologiamuntaner.com i els serveis oferts al mateix, aix\u00ed com dels programes necessaris per a la seva implementaci\u00f3 i la informaci\u00f3 relacionada.<\/p>\n<p>No es permet la reproducci\u00f3, publicaci\u00f3 i\/o \u00fas no estrictament privat dels continguts, totals o parcials, del lloc web www.psicologiamuntaner.com sense el consentiment previ i per escrit.<\/p>\n<p><strong>Propietat intel\u00b7lectual del software<\/strong><\/p>\n<p>L&#8217;usuari ha de respectar els programes de tercers posats a la seva disposici\u00f3 per Centre de Psicologia Muntaner, tot i ser gratu\u00efts i\/o de disposici\u00f3 p\u00fablica.<\/p>\n<p>Andrea N\u00fa\u00f1ez Espelt (Centre de Psicologia Muntaner) disposa dels drets d&#8217;explotaci\u00f3 i propietat intel\u00b7lectual necessaris del software.<\/p>\n<p>L&#8217;usuari no adquireix cap dret o llic\u00e8ncia pel servei contractat, sobre el programari necessari per a la prestaci\u00f3 del servei, ni tampoc sobre la informaci\u00f3 t\u00e8cnica de seguiment del servei, excepci\u00f3 feta dels drets i llic\u00e8ncies necessaris per al compliment dels serveis contractats i \u00fanicament durant la durada dels mateixos.<\/p>\n<p>Per a tota actuaci\u00f3 que excedeixi el compliment del contracte, l&#8217;usuari necessitar\u00e0 autoritzaci\u00f3 per escrit per part d&#8217;Andrea N\u00fa\u00f1ez Espelt (Centre de Psicologia Muntaner), quedant prohibit a l&#8217;usuari accedir, modificar, visualitzar la configuraci\u00f3, l&#8217;estructura i els fitxers dels servidors propietat d&#8217;Andrea N\u00fa\u00f1ez Espelt (Centre de Psicologia Muntaner), assumint la responsabilitat civil i penal derivada de qualsevol incid\u00e8ncia que es pogu\u00e9s produir als servidors i sistemes de seguretat com a conseq\u00fc\u00e8ncia directa d&#8217;una actuaci\u00f3 negligent o maliciosa per part seva.<\/p>\n<p><strong>Propietat intel\u00b7lectual dels continguts allotjats<\/strong><\/p>\n<p>Es prohibeix l&#8217;\u00fas contrari a la legislaci\u00f3 sobre propietat intel\u00b7lectual dels serveis prestats pel Centre de Psicologia Muntaner i, en particular de:<\/p>\n<ul>\n<li>La utilitzaci\u00f3 que resulti contr\u00e0ria a les lleis espanyoles o que infringeixi els drets de tercers.<\/li>\n<li>La publicaci\u00f3 o la transmissi\u00f3 de qualsevol contingut que, segons el parer de Centre de Psicologia Muntaner, resulti violent, obsc\u00e8, abusiu, il\u00b7legal, racial, xen\u00f2fob o difamatori.<\/li>\n<li>Els cracs, n\u00fameros de s\u00e8rie de programes o qualsevol altre contingut que vulneri drets de la propietat intel\u00b7lectual de tercers.<\/li>\n<li>La recollida i\/o utilitzaci\u00f3 de dades personals d&#8217;altres usuaris sense el seu consentiment expr\u00e9s o contravenint el que disposa el Reglament (UE) 2016\/679 del Parlament Europeu i del Consell, de 27 d&#8217;abril de 2016, relatiu a la protecci\u00f3 de les persones f\u00edsiques pel que fa al tractament de dades personals ia la lliure circulaci\u00f3 d&#8217;aquestes.<\/li>\n<li>La utilitzaci\u00f3 del servidor de correu del domini i de les adreces de correu electr\u00f2nic per a l&#8217;enviament de correu massiu no desitjat.<\/li>\n<\/ul>\n<p>L&#8217;usuari t\u00e9 tota la responsabilitat sobre el contingut del web, la informaci\u00f3 transmesa i emmagatzemada, els enlla\u00e7os d&#8217;hipertext, les reivindicacions de tercers i les accions legals en refer\u00e8ncia a propietat intel\u00b7lectual, drets de tercers i protecci\u00f3 de menors.<\/p>\n<p>L&#8217;usuari \u00e9s responsable respecte a les lleis i els reglaments en vigor i les regles que tenen a veure amb el funcionament del servei online, comer\u00e7 electr\u00f2nic, drets d&#8217;autor, manteniment de l&#8217;ordre p\u00fablic, aix\u00ed com principis universals d&#8217;\u00fas d&#8217;Internet.<\/p>\n<p>L&#8217;usuari indemnitzar\u00e0 Andrea N\u00fa\u00f1ez Espelt (Centre de Psicologia Muntaner) per les despeses que gener\u00e9s la imputaci\u00f3 de Centre de Psicologia Muntaner en alguna causa la responsabilitat de la qual fos atribu\u00efble a l&#8217;usuari, inclosos honoraris i despeses de defensa jur\u00eddica, fins i tot en el cas d&#8217;una decisi\u00f3 judicial no definitiva.<\/p>\n<p><strong>Protecci\u00f3 de la informaci\u00f3 allotjada<\/strong><\/p>\n<p>Andrea N\u00fa\u00f1ez Espelt (Centre de Psicologia Muntaner), realitza c\u00f2pies de seguretat dels continguts allotjats als seus servidors, per\u00f2 no es responsabilitza de la p\u00e8rdua o l&#8217;esborrat accidental de les dades per part dels usuaris. De la mateixa manera, no garanteix la reposici\u00f3 total de les dades esborrades pels usuaris, ja que les dades esmentades podrien haver estat suprimides i\/o modificades durant el per\u00edode del temps transcorregut des de l&#8217;\u00faltima c\u00f2pia de seguretat.<\/p>\n<p>Els serveis oferts, excepte els serveis espec\u00edfics de backup, no inclouen la reposici\u00f3 dels continguts conservats a les c\u00f2pies de seguretat realitzades per Andrea N\u00fa\u00f1ez Espelt (Centre de Psicologia Muntaner), quan aquesta p\u00e8rdua sigui imputable a l&#8217;usuari; en aquest cas, es determinar\u00e0 una tarifa d&#8217;acord amb la complexitat i el volum de la recuperaci\u00f3, sempre pr\u00e8via acceptaci\u00f3 de l&#8217;usuari.<\/p>\n<p>La reposici\u00f3 de dades esborrades nom\u00e9s est\u00e0 inclosa en el preu del servei quan la p\u00e8rdua del contingut sigui deguda a causes atribu\u00efbles a Andrea N\u00fa\u00f1ez Espelt (Centre de Psicologia Muntaner).<\/p>\n<p><strong>Comunicacions comercials<\/strong><\/p>\n<p>En aplicaci\u00f3 de la LSSI. Andrea N\u00fa\u00f1ez Espelt (Centre de Psicologia Muntaner) no enviar\u00e0 comunicacions publicit\u00e0ries o promocionals per correu electr\u00f2nic o altre mitj\u00e0 de comunicaci\u00f3 electr\u00f2nica equivalent que pr\u00e8viament no haguessin estat sol\u00b7licitades o expressament autoritzades pels destinataris de les mateixes.<\/p>\n<p>En el cas d&#8217;usuaris amb qu\u00e8 hi hagi una relaci\u00f3 contractual pr\u00e8via, Centre de Psicologia Muntaner s\u00ed que est\u00e0 autoritzat a l&#8217;enviament de comunicacions comercials referents a productes o serveis de Centre de Psicologia Muntaner que siguin similars als que inicialment van ser objecte de contractaci\u00f3 amb el client .<\/p>\n<p>En tot cas, l&#8217;usuari, despr\u00e9s d&#8217;acreditar-ne la identitat, podr\u00e0 sol\u00b7licitar que no se li faci arribar m\u00e9s informaci\u00f3 comercial a trav\u00e9s dels canals d&#8217;Atenci\u00f3 al Client.<\/p>\n<p>05\/07\/2023<\/p>\n<\/div>\n<\/div>\n<\/div>\n<\/div>\n<\/div>\n<\/section>\n<\/div>\n<section class=\"elementor-section elementor-top-section elementor-element elementor-element-3bcae3b5 elementor-section-boxed elementor-section-height-default elementor-section-height-default\" data-id=\"3bcae3b5\" data-element_type=\"section\">\n<div class=\"elementor-container elementor-column-gap-default\">\n<div class=\"elementor-column elementor-col-100 elementor-top-column elementor-element elementor-element-5fd2b88b\" data-id=\"5fd2b88b\" data-element_type=\"column\">\n<div class=\"elementor-widget-wrap elementor-element-populated\">\n<div class=\"elementor-element elementor-element-7a5fb693 elementor-widget elementor-widget-text-editor\" data-id=\"7a5fb693\" data-element_type=\"widget\" data-widget_type=\"text-editor.default\">\n<div class=\"elementor-widget-container\">\u00a0<\/div>\n<\/div>\n<\/div>\n<\/div>\n<\/div>\n<\/section>\n<\/div>\n<p>\n<\/div><\/div><\/div><\/div><\/div><\/div><\/div><!-- cell_inner --><\/div><!-- cell --><\/div><!-- port --><div class=\"bt_bb_section_bottom_section_coverage_image\"><img src=\"https:\/\/psicologiamuntaner.com\/wp-content\/uploads\/2021\/12\/white_bottom_01.png\" alt=\"bt_bb_section_bottom_section_coverage_image\" \/><\/div><\/section>","protected":false},"excerpt":{"rendered":"","protected":false},"author":1,"featured_media":0,"parent":0,"menu_order":0,"comment_status":"closed","ping_status":"closed","template":"","meta":{"footnotes":""},"yoast_head":"<!-- This site is optimized with the Yoast SEO plugin v20.11 - https:\/\/yoast.com\/wordpress\/plugins\/seo\/ -->\n<title>Pol\u00edtica de privadesa - Centro de Psicolog\u00eda Muntaner<\/title>\n<meta name=\"robots\" content=\"noindex, nofollow\" \/>\n<meta property=\"og:locale\" content=\"ca_ES\" \/>\n<meta property=\"og:type\" content=\"article\" \/>\n<meta property=\"og:title\" content=\"Pol\u00edtica de privadesa - Centro de Psicolog\u00eda Muntaner\" \/>\n<meta property=\"og:url\" content=\"https:\/\/psicologiamuntaner.com\/ca\/politica-de-privadesa\/\" \/>\n<meta property=\"og:site_name\" content=\"Centro de Psicolog\u00eda Muntaner\" \/>\n<meta property=\"article:modified_time\" content=\"2023-07-13T16:21:40+00:00\" \/>\n<meta name=\"twitter:card\" content=\"summary_large_image\" \/>\n<meta name=\"twitter:label1\" content=\"Temps estimat de lectura\" \/>\n\t<meta name=\"twitter:data1\" content=\"8 minuts\" \/>\n<script type=\"application\/ld+json\" class=\"yoast-schema-graph\">{\"@context\":\"https:\/\/schema.org\",\"@graph\":[{\"@type\":\"WebPage\",\"@id\":\"https:\/\/psicologiamuntaner.com\/ca\/politica-de-privadesa\/\",\"url\":\"https:\/\/psicologiamuntaner.com\/ca\/politica-de-privadesa\/\",\"name\":\"Pol\u00edtica de privadesa - Centro de Psicolog\u00eda Muntaner\",\"isPartOf\":{\"@id\":\"https:\/\/psicologiamuntaner.com\/ca\/#website\"},\"datePublished\":\"2023-07-03T15:41:26+00:00\",\"dateModified\":\"2023-07-13T16:21:40+00:00\",\"breadcrumb\":{\"@id\":\"https:\/\/psicologiamuntaner.com\/ca\/politica-de-privadesa\/#breadcrumb\"},\"inLanguage\":\"ca\",\"potentialAction\":[{\"@type\":\"ReadAction\",\"target\":[\"https:\/\/psicologiamuntaner.com\/ca\/politica-de-privadesa\/\"]}]},{\"@type\":\"BreadcrumbList\",\"@id\":\"https:\/\/psicologiamuntaner.com\/ca\/politica-de-privadesa\/#breadcrumb\",\"itemListElement\":[{\"@type\":\"ListItem\",\"position\":1,\"name\":\"Portada\",\"item\":\"https:\/\/psicologiamuntaner.com\/ca\/\"},{\"@type\":\"ListItem\",\"position\":2,\"name\":\"Pol\u00edtica de privadesa\"}]},{\"@type\":\"WebSite\",\"@id\":\"https:\/\/psicologiamuntaner.com\/ca\/#website\",\"url\":\"https:\/\/psicologiamuntaner.com\/ca\/\",\"name\":\"Centro de Psicolog\u00eda Muntaner\",\"description\":\"Tu Psicol\u00f3go en Barcelona\",\"publisher\":{\"@id\":\"https:\/\/psicologiamuntaner.com\/ca\/#organization\"},\"potentialAction\":[{\"@type\":\"SearchAction\",\"target\":{\"@type\":\"EntryPoint\",\"urlTemplate\":\"https:\/\/psicologiamuntaner.com\/ca\/?s={search_term_string}\"},\"query-input\":\"required name=search_term_string\"}],\"inLanguage\":\"ca\"},{\"@type\":\"Organization\",\"@id\":\"https:\/\/psicologiamuntaner.com\/ca\/#organization\",\"name\":\"Centro de Psicolog\u00eda Muntaner\",\"url\":\"https:\/\/psicologiamuntaner.com\/ca\/\",\"logo\":{\"@type\":\"ImageObject\",\"inLanguage\":\"ca\",\"@id\":\"https:\/\/psicologiamuntaner.com\/ca\/#\/schema\/logo\/image\/\",\"url\":\"https:\/\/psicologiamuntaner.com\/wp-content\/uploads\/2023\/07\/logo_vertical_color.png\",\"contentUrl\":\"https:\/\/psicologiamuntaner.com\/wp-content\/uploads\/2023\/07\/logo_vertical_color.png\",\"width\":352,\"height\":237,\"caption\":\"Centro de Psicolog\u00eda Muntaner\"},\"image\":{\"@id\":\"https:\/\/psicologiamuntaner.com\/ca\/#\/schema\/logo\/image\/\"}}]}<\/script>\n<!-- \/ Yoast SEO plugin. -->","yoast_head_json":{"title":"Pol\u00edtica de privadesa - Centro de Psicolog\u00eda Muntaner","robots":{"index":"noindex","follow":"nofollow"},"og_locale":"ca_ES","og_type":"article","og_title":"Pol\u00edtica de privadesa - Centro de Psicolog\u00eda Muntaner","og_url":"https:\/\/psicologiamuntaner.com\/ca\/politica-de-privadesa\/","og_site_name":"Centro de Psicolog\u00eda Muntaner","article_modified_time":"2023-07-13T16:21:40+00:00","twitter_card":"summary_large_image","twitter_misc":{"Temps estimat de lectura":"8 minuts"},"schema":{"@context":"https:\/\/schema.org","@graph":[{"@type":"WebPage","@id":"https:\/\/psicologiamuntaner.com\/ca\/politica-de-privadesa\/","url":"https:\/\/psicologiamuntaner.com\/ca\/politica-de-privadesa\/","name":"Pol\u00edtica de privadesa - Centro de Psicolog\u00eda Muntaner","isPartOf":{"@id":"https:\/\/psicologiamuntaner.com\/ca\/#website"},"datePublished":"2023-07-03T15:41:26+00:00","dateModified":"2023-07-13T16:21:40+00:00","breadcrumb":{"@id":"https:\/\/psicologiamuntaner.com\/ca\/politica-de-privadesa\/#breadcrumb"},"inLanguage":"ca","potentialAction":[{"@type":"ReadAction","target":["https:\/\/psicologiamuntaner.com\/ca\/politica-de-privadesa\/"]}]},{"@type":"BreadcrumbList","@id":"https:\/\/psicologiamuntaner.com\/ca\/politica-de-privadesa\/#breadcrumb","itemListElement":[{"@type":"ListItem","position":1,"name":"Portada","item":"https:\/\/psicologiamuntaner.com\/ca\/"},{"@type":"ListItem","position":2,"name":"Pol\u00edtica de privadesa"}]},{"@type":"WebSite","@id":"https:\/\/psicologiamuntaner.com\/ca\/#website","url":"https:\/\/psicologiamuntaner.com\/ca\/","name":"Centro de Psicolog\u00eda Muntaner","description":"Tu Psicol\u00f3go en Barcelona","publisher":{"@id":"https:\/\/psicologiamuntaner.com\/ca\/#organization"},"potentialAction":[{"@type":"SearchAction","target":{"@type":"EntryPoint","urlTemplate":"https:\/\/psicologiamuntaner.com\/ca\/?s={search_term_string}"},"query-input":"required name=search_term_string"}],"inLanguage":"ca"},{"@type":"Organization","@id":"https:\/\/psicologiamuntaner.com\/ca\/#organization","name":"Centro de Psicolog\u00eda Muntaner","url":"https:\/\/psicologiamuntaner.com\/ca\/","logo":{"@type":"ImageObject","inLanguage":"ca","@id":"https:\/\/psicologiamuntaner.com\/ca\/#\/schema\/logo\/image\/","url":"https:\/\/psicologiamuntaner.com\/wp-content\/uploads\/2023\/07\/logo_vertical_color.png","contentUrl":"https:\/\/psicologiamuntaner.com\/wp-content\/uploads\/2023\/07\/logo_vertical_color.png","width":352,"height":237,"caption":"Centro de Psicolog\u00eda Muntaner"},"image":{"@id":"https:\/\/psicologiamuntaner.com\/ca\/#\/schema\/logo\/image\/"}}]}},"_links":{"self":[{"href":"https:\/\/psicologiamuntaner.com\/ca\/wp-json\/wp\/v2\/pages\/2902"}],"collection":[{"href":"https:\/\/psicologiamuntaner.com\/ca\/wp-json\/wp\/v2\/pages"}],"about":[{"href":"https:\/\/psicologiamuntaner.com\/ca\/wp-json\/wp\/v2\/types\/page"}],"author":[{"embeddable":true,"href":"https:\/\/psicologiamuntaner.com\/ca\/wp-json\/wp\/v2\/users\/1"}],"replies":[{"embeddable":true,"href":"https:\/\/psicologiamuntaner.com\/ca\/wp-json\/wp\/v2\/comments?post=2902"}],"version-history":[{"count":6,"href":"https:\/\/psicologiamuntaner.com\/ca\/wp-json\/wp\/v2\/pages\/2902\/revisions"}],"predecessor-version":[{"id":2975,"href":"https:\/\/psicologiamuntaner.com\/ca\/wp-json\/wp\/v2\/pages\/2902\/revisions\/2975"}],"wp:attachment":[{"href":"https:\/\/psicologiamuntaner.com\/ca\/wp-json\/wp\/v2\/media?parent=2902"}],"curies":[{"name":"wp","href":"https:\/\/api.w.org\/{rel}","templated":true}]}}